{"id":478,"date":"2024-04-20T19:09:27","date_gmt":"2024-04-20T19:09:27","guid":{"rendered":"https:\/\/restaurantepoda.pt\/?page_id=478"},"modified":"2024-08-03T21:41:23","modified_gmt":"2024-08-03T21:41:23","slug":"miguel-dominguinhos","status":"publish","type":"page","link":"http:\/\/restaurantepoda.pt\/en\/miguel-dominguinhos\/","title":{"rendered":"Miguel Dominguinhos"},"content":{"rendered":"\t\t<div data-elementor-type=\"wp-page\" data-elementor-id=\"478\" class=\"elementor elementor-478\" data-elementor-post-type=\"page\">\n\t\t\t\t<div class=\"elementor-element elementor-element-1582f1c0 e-grid e-con-full e-con e-parent\" data-id=\"1582f1c0\" data-element_type=\"container\" data-e-type=\"container\" data-settings=\"{&quot;background_background&quot;:&quot;classic&quot;,&quot;background_motion_fx_motion_fx_scrolling&quot;:&quot;yes&quot;,&quot;background_motion_fx_translateY_effect&quot;:&quot;yes&quot;,&quot;background_motion_fx_translateY_speed&quot;:{&quot;unit&quot;:&quot;px&quot;,&quot;size&quot;:6,&quot;sizes&quot;:[]},&quot;sticky&quot;:&quot;top&quot;,&quot;background_motion_fx_translateY_affectedRange&quot;:{&quot;unit&quot;:&quot;%&quot;,&quot;size&quot;:&quot;&quot;,&quot;sizes&quot;:{&quot;start&quot;:0,&quot;end&quot;:100}},&quot;background_motion_fx_devices&quot;:[&quot;desktop&quot;,&quot;laptop&quot;,&quot;tablet&quot;,&quot;mobile&quot;],&quot;sticky_on&quot;:[&quot;desktop&quot;,&quot;laptop&quot;,&quot;tablet&quot;,&quot;mobile&quot;],&quot;sticky_offset&quot;:0,&quot;sticky_effects_offset&quot;:0,&quot;sticky_anchor_link_offset&quot;:0}\">\n\t\t<div class=\"elementor-element elementor-element-62bbd7c3 elementor-hidden-mobile e-flex e-con-boxed e-con e-child\" data-id=\"62bbd7c3\" data-element_type=\"container\" data-e-type=\"container\">\n\t\t\t\t\t<div class=\"e-con-inner\">\n\t\t\t\t\t<\/div>\n\t\t\t\t<\/div>\n\t\t<div class=\"elementor-element elementor-element-1f0f91dd e-flex e-con-boxed e-con e-child\" data-id=\"1f0f91dd\" data-element_type=\"container\" data-e-type=\"container\" data-settings=\"{&quot;background_background&quot;:&quot;classic&quot;}\">\n\t\t\t\t\t<div class=\"e-con-inner\">\n\t\t\t\t<div class=\"elementor-element elementor-element-711dcab7 elementor-widget elementor-widget-heading\" data-id=\"711dcab7\" data-element_type=\"widget\" data-e-type=\"widget\" data-widget_type=\"heading.default\">\n\t\t\t\t<div class=\"elementor-widget-container\">\n\t\t\t\t\t<h2 class=\"elementor-heading-title elementor-size-default\">Miguel Dominguinhos<\/h2>\t\t\t\t<\/div>\n\t\t\t\t<\/div>\n\t\t\t\t<div class=\"elementor-element elementor-element-409fa585 elementor-widget elementor-widget-heading\" data-id=\"409fa585\" data-element_type=\"widget\" data-e-type=\"widget\" data-widget_type=\"heading.default\">\n\t\t\t\t<div class=\"elementor-widget-container\">\n\t\t\t\t\t<h2 class=\"elementor-heading-title elementor-size-default\">PAIX\u00c3O PELO QUE FAZ. PRAZER EM CRIAR MEM\u00d3RIAS<\/h2>\t\t\t\t<\/div>\n\t\t\t\t<\/div>\n\t\t\t\t\t<\/div>\n\t\t\t\t<\/div>\n\t\t\t\t<\/div>\n\t\t<div class=\"elementor-element elementor-element-6397f50 e-grid e-con-full e-con e-parent\" data-id=\"6397f50\" data-element_type=\"container\" data-e-type=\"container\" data-settings=\"{&quot;background_motion_fx_translateY_effect&quot;:&quot;yes&quot;,&quot;background_motion_fx_translateY_speed&quot;:{&quot;unit&quot;:&quot;px&quot;,&quot;size&quot;:4,&quot;sizes&quot;:[]},&quot;background_motion_fx_translateY_affectedRange&quot;:{&quot;unit&quot;:&quot;%&quot;,&quot;size&quot;:&quot;&quot;,&quot;sizes&quot;:{&quot;start&quot;:0,&quot;end&quot;:100}},&quot;background_motion_fx_devices&quot;:[&quot;desktop&quot;,&quot;laptop&quot;,&quot;tablet&quot;,&quot;mobile&quot;]}\">\n\t\t<div class=\"elementor-element elementor-element-3cb598de e-con-full e-flex e-con e-child\" data-id=\"3cb598de\" data-element_type=\"container\" data-e-type=\"container\">\n\t\t\t\t<\/div>\n\t\t<div class=\"elementor-element elementor-element-2c95ff47 e-con-full e-flex e-con e-child\" data-id=\"2c95ff47\" data-element_type=\"container\" data-e-type=\"container\" data-settings=\"{&quot;background_background&quot;:&quot;classic&quot;}\">\n\t\t<div class=\"elementor-element elementor-element-6e5479c4 e-flex e-con-boxed e-con e-child\" data-id=\"6e5479c4\" data-element_type=\"container\" data-e-type=\"container\">\n\t\t\t\t\t<div class=\"e-con-inner\">\n\t\t\t\t<div class=\"elementor-element elementor-element-69516c0d elementor-widget elementor-widget-heading\" data-id=\"69516c0d\" data-element_type=\"widget\" data-e-type=\"widget\" data-widget_type=\"heading.default\">\n\t\t\t\t<div class=\"elementor-widget-container\">\n\t\t\t\t\t<h2 class=\"elementor-heading-title elementor-size-default\">Biografia<\/h2>\t\t\t\t<\/div>\n\t\t\t\t<\/div>\n\t\t\t\t<div class=\"elementor-element elementor-element-bc3af7b elementor-widget-divider--view-line elementor-widget elementor-widget-divider\" data-id=\"bc3af7b\" data-element_type=\"widget\" data-e-type=\"widget\" data-widget_type=\"divider.default\">\n\t\t\t\t<div class=\"elementor-widget-container\">\n\t\t\t\t\t\t\t<div class=\"elementor-divider\">\n\t\t\t<span class=\"elementor-divider-separator\">\n\t\t\t\t\t\t<\/span>\n\t\t<\/div>\n\t\t\t\t\t\t<\/div>\n\t\t\t\t<\/div>\n\t\t\t\t<div class=\"elementor-element elementor-element-51a9cc26 elementor-widget elementor-widget-text-editor\" data-id=\"51a9cc26\" data-element_type=\"widget\" data-e-type=\"widget\" data-widget_type=\"text-editor.default\">\n\t\t\t\t<div class=\"elementor-widget-container\">\n\t\t\t\t\t\t\t\t\t<p>Miguel Dominguinhos, natural de Almada, mudou-se para Montemor-o-Novo com apenas seis anos. Continuar os estudos ap\u00f3s o 12\u00ba ano nunca foi parte dos seus planos. Em vez disso, sonhava com uma carreira militar, mas a demora no processo de candidatura \u00e0 GNR levou-o a seguir outro caminho.<\/p><p>Em 2014, come\u00e7ou a trabalhar no restaurante local P\u00e1tio dos Petiscos, onde descobriu uma paix\u00e3o improv\u00e1vel pela restaura\u00e7\u00e3o, especialmente pela \u00e1rea dos vinhos. Seis anos depois, Miguel decidiu tentar a sua sorte em Lisboa trabalhando nos restaurantes de alguns chefs de renome. No entanto, a pandemia de COVID-19 trouxe mudan\u00e7as inesperadas e Miguel ficou desempregado, mas apenas por um curto per\u00edodo.<\/p><p>De volta a Montemor-o-Novo, come\u00e7ou a trabalhar numa adega e destilaria, onde encontrou uma nova paix\u00e3o pela componente mais pr\u00e1tica e ligada ao trabalho do campo.<\/p><p>Com o setor da restaura\u00e7\u00e3o em dificuldades devido aos confinamentos, Miguel decidiu emigrar para a Su\u00ed\u00e7a. Foi trabalhar nas obras. Com tudo parado, n\u00e3o se sentia concretizado e, \u201ccom contas para pagar\u201d n\u00e3o sabia ao certo que rumo o seu sector de trabalho ia seguir. Nos tempos livres, explorava as regi\u00f5es vin\u00edcolas de Als\u00e1cia e arredores, conhecendo produtores, provando vinhos e descobrindo novos restaurantes. Aumentou sempre os seus horizontes a cada nova oportunidade.<\/p><p>\u00a0<\/p><p>No final de 2022, regressou a Portugal com uma vis\u00e3o clara do que queria fazer. Em 2023, abriu o restaurante Poda no antigo espa\u00e7o do Bar Alentejano, em Montemor-o-Novo. O conceito do Poda \u00e9 baseado na cozinha tradicional portuguesa, com forte aposta no produto local e sazonal. Em 2024, alcan\u00e7ou o feito de colocar o seu restaurante no Guia Michelin, sendo distinguido com o Bib Gourmand.<\/p><p>\u00a0<\/p><p>Miguel \u00e9 um apaixonado pela sua regi\u00e3o e pelas experi\u00eancias gastron\u00f3micas que Portugal oferece. Como anfitri\u00e3o, esfor\u00e7a-se para que os seus clientes tenham uma experi\u00eancia t\u00e3o surpreendente quanto a sua paix\u00e3o pelo que faz, atrav\u00e9s da simpatia, da partilha de saber e da cria\u00e7\u00e3o de uma carta que muda a cada esta\u00e7\u00e3o.<\/p>\t\t\t\t\t\t\t\t<\/div>\n\t\t\t\t<\/div>\n\t\t\t\t\t<\/div>\n\t\t\t\t<\/div>\n\t\t\t\t<\/div>\n\t\t\t\t<\/div>\n\t\t\t\t<\/div>\n\t\t","protected":false},"excerpt":{"rendered":"<p>Miguel Dominguinhos PAIX\u00c3O PELO QUE FAZ. PRAZER EM CRIAR MEM\u00d3RIAS Biografia Miguel Dominguinhos, natural de Almada, mudou-se para Montemor-o-Novo com apenas seis anos. Continuar os estudos ap\u00f3s o 12\u00ba ano nunca foi parte dos seus planos. Em vez disso, sonhava com uma carreira militar, mas a demora no processo de candidatura \u00e0 GNR levou-o a [&hellip;]<\/p>\n","protected":false},"author":1,"featured_media":0,"parent":0,"menu_order":0,"comment_status":"closed","ping_status":"closed","template":"elementor_header_footer","meta":{"inline_featured_image":false,"footnotes":""},"class_list":["post-478","page","type-page","status-publish","hentry"],"yoast_head":"<!-- This site is optimized with the Yoast SEO plugin v27.3 - https:\/\/yoast.com\/product\/yoast-seo-wordpress\/ -->\n<title>Miguel Dominguinhos - PODA<\/title>\n<meta name=\"robots\" content=\"index, follow, max-snippet:-1, max-image-preview:large, max-video-preview:-1\" \/>\n<link rel=\"canonical\" href=\"https:\/\/restaurantepoda.pt\/en\/miguel-dominguinhos\/\" \/>\n<meta property=\"og:locale\" content=\"en_GB\" \/>\n<meta property=\"og:type\" content=\"article\" \/>\n<meta property=\"og:title\" content=\"Miguel Dominguinhos - PODA\" \/>\n<meta property=\"og:description\" content=\"Miguel Dominguinhos PAIX\u00c3O PELO QUE FAZ. PRAZER EM CRIAR MEM\u00d3RIAS Biografia Miguel Dominguinhos, natural de Almada, mudou-se para Montemor-o-Novo com apenas seis anos. Continuar os estudos ap\u00f3s o 12\u00ba ano nunca foi parte dos seus planos. Em vez disso, sonhava com uma carreira militar, mas a demora no processo de candidatura \u00e0 GNR levou-o a [&hellip;]\" \/>\n<meta property=\"og:url\" content=\"https:\/\/restaurantepoda.pt\/en\/miguel-dominguinhos\/\" \/>\n<meta property=\"og:site_name\" content=\"PODA\" \/>\n<meta property=\"article:publisher\" content=\"https:\/\/www.facebook.com\/poda.restaurante\" \/>\n<meta property=\"article:modified_time\" content=\"2024-08-03T21:41:23+00:00\" \/>\n<meta name=\"twitter:card\" content=\"summary_large_image\" \/>\n<meta name=\"twitter:label1\" content=\"Estimated reading time\" \/>\n\t<meta name=\"twitter:data1\" content=\"2 minutes\" \/>\n<script type=\"application\/ld+json\" class=\"yoast-schema-graph\">{\"@context\":\"https:\\\/\\\/schema.org\",\"@graph\":[{\"@type\":\"WebPage\",\"@id\":\"https:\\\/\\\/restaurantepoda.pt\\\/en\\\/miguel-dominguinhos\\\/\",\"url\":\"https:\\\/\\\/restaurantepoda.pt\\\/en\\\/miguel-dominguinhos\\\/\",\"name\":\"Miguel Dominguinhos - PODA\",\"isPartOf\":{\"@id\":\"https:\\\/\\\/restaurantepoda.pt\\\/#website\"},\"datePublished\":\"2024-04-20T19:09:27+00:00\",\"dateModified\":\"2024-08-03T21:41:23+00:00\",\"breadcrumb\":{\"@id\":\"https:\\\/\\\/restaurantepoda.pt\\\/en\\\/miguel-dominguinhos\\\/#breadcrumb\"},\"inLanguage\":\"en-GB\",\"potentialAction\":[{\"@type\":\"ReadAction\",\"target\":[\"https:\\\/\\\/restaurantepoda.pt\\\/en\\\/miguel-dominguinhos\\\/\"]}]},{\"@type\":\"BreadcrumbList\",\"@id\":\"https:\\\/\\\/restaurantepoda.pt\\\/en\\\/miguel-dominguinhos\\\/#breadcrumb\",\"itemListElement\":[{\"@type\":\"ListItem\",\"position\":1,\"name\":\"In\u00edcio\",\"item\":\"https:\\\/\\\/restaurantepoda.pt\\\/\"},{\"@type\":\"ListItem\",\"position\":2,\"name\":\"Miguel Dominguinhos\"}]},{\"@type\":\"WebSite\",\"@id\":\"https:\\\/\\\/restaurantepoda.pt\\\/#website\",\"url\":\"https:\\\/\\\/restaurantepoda.pt\\\/\",\"name\":\"Restaurante Poda\",\"description\":\"Restaurante\",\"publisher\":{\"@id\":\"https:\\\/\\\/restaurantepoda.pt\\\/#organization\"},\"potentialAction\":[{\"@type\":\"SearchAction\",\"target\":{\"@type\":\"EntryPoint\",\"urlTemplate\":\"https:\\\/\\\/restaurantepoda.pt\\\/?s={search_term_string}\"},\"query-input\":{\"@type\":\"PropertyValueSpecification\",\"valueRequired\":true,\"valueName\":\"search_term_string\"}}],\"inLanguage\":\"en-GB\"},{\"@type\":\"Organization\",\"@id\":\"https:\\\/\\\/restaurantepoda.pt\\\/#organization\",\"name\":\"Poda\",\"url\":\"https:\\\/\\\/restaurantepoda.pt\\\/\",\"logo\":{\"@type\":\"ImageObject\",\"inLanguage\":\"en-GB\",\"@id\":\"https:\\\/\\\/restaurantepoda.pt\\\/#\\\/schema\\\/logo\\\/image\\\/\",\"url\":\"https:\\\/\\\/restaurantepoda.pt\\\/wp-content\\\/uploads\\\/2024\\\/04\\\/logo_poda_hor.svg\",\"contentUrl\":\"https:\\\/\\\/restaurantepoda.pt\\\/wp-content\\\/uploads\\\/2024\\\/04\\\/logo_poda_hor.svg\",\"width\":841,\"height\":394,\"caption\":\"Poda\"},\"image\":{\"@id\":\"https:\\\/\\\/restaurantepoda.pt\\\/#\\\/schema\\\/logo\\\/image\\\/\"},\"sameAs\":[\"https:\\\/\\\/www.facebook.com\\\/poda.restaurante\",\"https:\\\/\\\/www.instagram.com\\\/poda.restaurante\\\/\"]}]}<\/script>\n<!-- \/ Yoast SEO plugin. -->","yoast_head_json":{"title":"Miguel Dominguinhos - PODA","robots":{"index":"index","follow":"follow","max-snippet":"max-snippet:-1","max-image-preview":"max-image-preview:large","max-video-preview":"max-video-preview:-1"},"canonical":"https:\/\/restaurantepoda.pt\/en\/miguel-dominguinhos\/","og_locale":"en_GB","og_type":"article","og_title":"Miguel Dominguinhos - PODA","og_description":"Miguel Dominguinhos PAIX\u00c3O PELO QUE FAZ. PRAZER EM CRIAR MEM\u00d3RIAS Biografia Miguel Dominguinhos, natural de Almada, mudou-se para Montemor-o-Novo com apenas seis anos. Continuar os estudos ap\u00f3s o 12\u00ba ano nunca foi parte dos seus planos. Em vez disso, sonhava com uma carreira militar, mas a demora no processo de candidatura \u00e0 GNR levou-o a [&hellip;]","og_url":"https:\/\/restaurantepoda.pt\/en\/miguel-dominguinhos\/","og_site_name":"PODA","article_publisher":"https:\/\/www.facebook.com\/poda.restaurante","article_modified_time":"2024-08-03T21:41:23+00:00","twitter_card":"summary_large_image","twitter_misc":{"Estimated reading time":"2 minutes"},"schema":{"@context":"https:\/\/schema.org","@graph":[{"@type":"WebPage","@id":"https:\/\/restaurantepoda.pt\/en\/miguel-dominguinhos\/","url":"https:\/\/restaurantepoda.pt\/en\/miguel-dominguinhos\/","name":"Miguel Dominguinhos - PODA","isPartOf":{"@id":"https:\/\/restaurantepoda.pt\/#website"},"datePublished":"2024-04-20T19:09:27+00:00","dateModified":"2024-08-03T21:41:23+00:00","breadcrumb":{"@id":"https:\/\/restaurantepoda.pt\/en\/miguel-dominguinhos\/#breadcrumb"},"inLanguage":"en-GB","potentialAction":[{"@type":"ReadAction","target":["https:\/\/restaurantepoda.pt\/en\/miguel-dominguinhos\/"]}]},{"@type":"BreadcrumbList","@id":"https:\/\/restaurantepoda.pt\/en\/miguel-dominguinhos\/#breadcrumb","itemListElement":[{"@type":"ListItem","position":1,"name":"In\u00edcio","item":"https:\/\/restaurantepoda.pt\/"},{"@type":"ListItem","position":2,"name":"Miguel Dominguinhos"}]},{"@type":"WebSite","@id":"https:\/\/restaurantepoda.pt\/#website","url":"https:\/\/restaurantepoda.pt\/","name":"Restaurante Poda","description":"Restaurante","publisher":{"@id":"https:\/\/restaurantepoda.pt\/#organization"},"potentialAction":[{"@type":"SearchAction","target":{"@type":"EntryPoint","urlTemplate":"https:\/\/restaurantepoda.pt\/?s={search_term_string}"},"query-input":{"@type":"PropertyValueSpecification","valueRequired":true,"valueName":"search_term_string"}}],"inLanguage":"en-GB"},{"@type":"Organization","@id":"https:\/\/restaurantepoda.pt\/#organization","name":"Poda","url":"https:\/\/restaurantepoda.pt\/","logo":{"@type":"ImageObject","inLanguage":"en-GB","@id":"https:\/\/restaurantepoda.pt\/#\/schema\/logo\/image\/","url":"https:\/\/restaurantepoda.pt\/wp-content\/uploads\/2024\/04\/logo_poda_hor.svg","contentUrl":"https:\/\/restaurantepoda.pt\/wp-content\/uploads\/2024\/04\/logo_poda_hor.svg","width":841,"height":394,"caption":"Poda"},"image":{"@id":"https:\/\/restaurantepoda.pt\/#\/schema\/logo\/image\/"},"sameAs":["https:\/\/www.facebook.com\/poda.restaurante","https:\/\/www.instagram.com\/poda.restaurante\/"]}]}},"_links":{"self":[{"href":"http:\/\/restaurantepoda.pt\/en\/wp-json\/wp\/v2\/pages\/478","targetHints":{"allow":["GET"]}}],"collection":[{"href":"http:\/\/restaurantepoda.pt\/en\/wp-json\/wp\/v2\/pages"}],"about":[{"href":"http:\/\/restaurantepoda.pt\/en\/wp-json\/wp\/v2\/types\/page"}],"author":[{"embeddable":true,"href":"http:\/\/restaurantepoda.pt\/en\/wp-json\/wp\/v2\/users\/1"}],"replies":[{"embeddable":true,"href":"http:\/\/restaurantepoda.pt\/en\/wp-json\/wp\/v2\/comments?post=478"}],"version-history":[{"count":28,"href":"http:\/\/restaurantepoda.pt\/en\/wp-json\/wp\/v2\/pages\/478\/revisions"}],"predecessor-version":[{"id":829,"href":"http:\/\/restaurantepoda.pt\/en\/wp-json\/wp\/v2\/pages\/478\/revisions\/829"}],"wp:attachment":[{"href":"http:\/\/restaurantepoda.pt\/en\/wp-json\/wp\/v2\/media?parent=478"}],"curies":[{"name":"wp","href":"https:\/\/api.w.org\/{rel}","templated":true}]}}